{"id":11022,"date":"2026-02-14T23:08:01","date_gmt":"2026-02-14T23:08:01","guid":{"rendered":"https:\/\/trendparfumes.rs\/?post_type=product&#038;p=11022"},"modified":"2026-03-03T00:54:38","modified_gmt":"2026-03-03T00:54:38","slug":"eman-100ml-2","status":"publish","type":"product","link":"https:\/\/trendparfumes.rs\/en\/product\/emaan-100ml\/","title":{"rendered":"Emaan 100ml"},"content":{"rendered":"","protected":false},"excerpt":{"rendered":"<p data-start=\"21\" data-end=\"344\">Emaan je elegantan <strong data-start=\"40\" data-end=\"72\">chypre-cvetni parfem za \u017eene<\/strong> koji spaja sve\u017eu citrusnu energiju sa bogatim belim cvetnim notama i toplom, gurmanskom bazom. godine i \u010desto se opisuje kao \u017eenstven, sofisticiran i dugotrajan miris koji se lako nosi kako tokom dana, tako i uve\u010de.<\/p>\n<p data-start=\"346\" data-end=\"365\"><strong data-start=\"346\" data-end=\"363\">Mirisne note:<\/strong><\/p>\n<ul data-start=\"366\" data-end=\"895\">\n<li data-start=\"366\" data-end=\"548\">\n<p data-start=\"368\" data-end=\"548\"><strong data-start=\"368\" data-end=\"390\">Gornje (top) note:<\/strong> cvet narand\u017ee, bergamot, crna ribizla \u2013 osve\u017eavaju\u0107i, vo\u0107no-citrusni otvaraju\u0107i akordi koji daju svetlost i dinamiku.<\/p>\n<\/li>\n<li data-start=\"549\" data-end=\"719\">\n<p data-start=\"551\" data-end=\"719\"><strong data-start=\"551\" data-end=\"576\">Srednje (heart) note:<\/strong> tuberoza, jasmin, neven \u2013 bogata, kremasta cvetna sr\u017e koja parfemu daje \u017eenstveni, elegantni karakter.<\/p>\n<\/li>\n<li data-start=\"720\" data-end=\"895\">\n<p data-start=\"722\" data-end=\"895\"><strong data-start=\"722\" data-end=\"744\">Bazne (base) note:<\/strong> vanilija, mo\u0161us, pa\u010duli i kedar \u2013 topla, zavodljiva i drvenasta baza sa blagim gurmanskim i puderastim tonovima.<span class=\"\" data-state=\"closed\"><span class=\"ms-1 inline-flex max-w-full items-center relative top-[-0.094rem] animate-[show_150ms_ease-in]\" data-testid=\"webpage-citation-pill\"><br \/>\nEmaan je miris koji kombinuje sve\u017einu citrusnog otvaranja sa luksuznom, cvetnom sr\u017ei i toplom, sofisticiranom bazom. Idealna je za \u017eene koje \u017eele \u017eenstven, elegantan i nezaboravan parfem \u2014 dovoljno univerzalan da se nosi i svakodnevno i za posebne prilike. Njegov balans izme\u0111u svetlih i toplih nota \u010dini ga privla\u010dnim i dugotrajim izborom.<br \/>\n<\/span><\/span><\/p>\n<\/li>\n<\/ul>\n","protected":false},"featured_media":10213,"comment_status":"open","ping_status":"closed","template":"","meta":[],"product_brand":[],"product_cat":[284],"product_tag":[],"class_list":{"0":"post-11022","1":"product","2":"type-product","3":"status-publish","4":"has-post-thumbnail","6":"product_cat-zenski-parfemi","8":"first","9":"instock","10":"taxable","11":"shipping-taxable","12":"purchasable","13":"product-type-simple"},"_links":{"self":[{"href":"https:\/\/trendparfumes.rs\/en\/wp-json\/wp\/v2\/product\/11022","targetHints":{"allow":["GET"]}}],"collection":[{"href":"https:\/\/trendparfumes.rs\/en\/wp-json\/wp\/v2\/product"}],"about":[{"href":"https:\/\/trendparfumes.rs\/en\/wp-json\/wp\/v2\/types\/product"}],"replies":[{"embeddable":true,"href":"https:\/\/trendparfumes.rs\/en\/wp-json\/wp\/v2\/comments?post=11022"}],"wp:featuredmedia":[{"embeddable":true,"href":"https:\/\/trendparfumes.rs\/en\/wp-json\/wp\/v2\/media\/10213"}],"wp:attachment":[{"href":"https:\/\/trendparfumes.rs\/en\/wp-json\/wp\/v2\/media?parent=11022"}],"wp:term":[{"taxonomy":"product_brand","embeddable":true,"href":"https:\/\/trendparfumes.rs\/en\/wp-json\/wp\/v2\/product_brand?post=11022"},{"taxonomy":"product_cat","embeddable":true,"href":"https:\/\/trendparfumes.rs\/en\/wp-json\/wp\/v2\/product_cat?post=11022"},{"taxonomy":"product_tag","embeddable":true,"href":"https:\/\/trendparfumes.rs\/en\/wp-json\/wp\/v2\/product_tag?post=11022"}],"curies":[{"name":"wp","href":"https:\/\/api.w.org\/{rel}","templated":true}]}}