{"id":13693,"date":"2026-03-15T16:41:59","date_gmt":"2026-03-15T16:41:59","guid":{"rendered":"https:\/\/trendparfumes.rs\/?post_type=product&#038;p=13693"},"modified":"2026-03-29T23:18:15","modified_gmt":"2026-03-29T23:18:15","slug":"armaf-odyssey-homme-100ml","status":"publish","type":"product","link":"https:\/\/trendparfumes.rs\/en\/product\/armaf-odyssey-homme-100ml\/","title":{"rendered":"Armaf Odyssey Homme \u2013 100ml"},"content":{"rendered":"<p data-start=\"0\" data-end=\"39\"><strong data-start=\"0\" data-end=\"39\">Armaf Odyssey Homme \u2013 100ml (Mu\u0161ki)<\/strong><\/p>\n<p data-start=\"41\" data-end=\"362\"><strong data-start=\"41\" data-end=\"57\">Opis parfema<\/strong><br data-start=\"57\" data-end=\"60\" \/>Armaf Odyssey Homme je sna\u017ean i sofisticiran mu\u0161ki parfem sa toplim orijentalnim karakterom. Miris se otvara bogatim i privla\u010dnim notama ambera i vanile koje daju sladak, ali elegantan po\u010detak. U srcu parfema razvijaju se za\u010dinske i puderaste note irisa koje donose dubinu i prefinjenost kompoziciji.<\/p>\n<p data-start=\"364\" data-end=\"618\">Baza parfema je topla i intenzivna, sa notama ko\u017ee, jasmina i vanile koje ostavljaju dugotrajan, mu\u017eevan i luksuzan trag na ko\u017ei. Odyssey Homme je parfem koji odi\u0161e samopouzdanjem i elegancijom, idealan za mu\u0161karce koji \u017eele izra\u017eajan i upe\u010datljiv miris.<\/p>\n<p data-start=\"620\" data-end=\"636\"><strong data-start=\"620\" data-end=\"636\">Fragrance notes<\/strong><\/p>\n<p data-start=\"638\" data-end=\"672\"><strong data-start=\"638\" data-end=\"654\">Top notes:<\/strong><br data-start=\"654\" data-end=\"657\" \/>amber, vanila<\/p>\n<p data-start=\"674\" data-end=\"715\"><strong data-start=\"674\" data-end=\"691\">Middle notes:<\/strong><br data-start=\"691\" data-end=\"694\" \/>iris, za\u010dinske note<\/p>\n<p data-start=\"717\" data-end=\"757\"><strong data-start=\"717\" data-end=\"732\">Base notes:<\/strong><br data-start=\"732\" data-end=\"735\" \/>ko\u017ea, jasmin, vanila<\/p>\n<p data-start=\"759\" data-end=\"777\"><strong data-start=\"759\" data-end=\"777\">Karakteristike<\/strong><\/p>\n<ul data-start=\"779\" data-end=\"1003\" data-is-last-node=\"\" data-is-only-node=\"\">\n<li data-section-id=\"c9m1mx\" data-start=\"779\" data-end=\"824\">\n<p data-start=\"781\" data-end=\"824\">Tip mirisa: orijentalni, za\u010dinski, sladak<\/p>\n<\/li>\n<li data-section-id=\"2knkii\" data-start=\"825\" data-end=\"839\">\n<p data-start=\"827\" data-end=\"839\">Pol: mu\u0161ki<\/p>\n<\/li>\n<li data-section-id=\"90cuid\" data-start=\"840\" data-end=\"861\">\n<p data-start=\"842\" data-end=\"861\">Zapremina: 100 ml<\/p>\n<\/li>\n<li data-section-id=\"9bl9qz\" data-start=\"862\" data-end=\"894\">\n<p data-start=\"864\" data-end=\"894\">Koncentracija: Eau de Parfum<\/p>\n<\/li>\n<li data-section-id=\"zu16ui\" data-start=\"895\" data-end=\"924\">\n<p data-start=\"897\" data-end=\"924\">Dugotrajnost: veoma dobra<\/p>\n<\/li>\n<li data-section-id=\"fy01x1\" data-start=\"925\" data-end=\"956\">\n<p data-start=\"927\" data-end=\"956\">Projekcija: umerena do jaka<\/p>\n<\/li>\n<li data-section-id=\"nprow7\" data-start=\"957\" data-end=\"1003\" data-is-last-node=\"\">\n<p data-start=\"959\" data-end=\"1003\" data-is-last-node=\"\">Pogodan za ve\u010dernje prilike i hladnije dane.<\/p>\n<\/li>\n<\/ul>","protected":false},"excerpt":{"rendered":"<p>Armaf Odyssey Homme \u2013 100ml (Mu\u0161ki) Opis parfemaArmaf Odyssey Homme je sna\u017ean i&hellip;<\/p>","protected":false},"featured_media":13673,"comment_status":"open","ping_status":"closed","template":"","meta":[],"product_brand":[],"product_cat":[285],"product_tag":[],"class_list":{"0":"post-13693","1":"product","2":"type-product","3":"status-publish","4":"has-post-thumbnail","6":"product_cat-muski-parfemi","8":"first","9":"instock","10":"taxable","11":"shipping-taxable","12":"purchasable","13":"product-type-simple"},"_links":{"self":[{"href":"https:\/\/trendparfumes.rs\/en\/wp-json\/wp\/v2\/product\/13693","targetHints":{"allow":["GET"]}}],"collection":[{"href":"https:\/\/trendparfumes.rs\/en\/wp-json\/wp\/v2\/product"}],"about":[{"href":"https:\/\/trendparfumes.rs\/en\/wp-json\/wp\/v2\/types\/product"}],"replies":[{"embeddable":true,"href":"https:\/\/trendparfumes.rs\/en\/wp-json\/wp\/v2\/comments?post=13693"}],"wp:featuredmedia":[{"embeddable":true,"href":"https:\/\/trendparfumes.rs\/en\/wp-json\/wp\/v2\/media\/13673"}],"wp:attachment":[{"href":"https:\/\/trendparfumes.rs\/en\/wp-json\/wp\/v2\/media?parent=13693"}],"wp:term":[{"taxonomy":"product_brand","embeddable":true,"href":"https:\/\/trendparfumes.rs\/en\/wp-json\/wp\/v2\/product_brand?post=13693"},{"taxonomy":"product_cat","embeddable":true,"href":"https:\/\/trendparfumes.rs\/en\/wp-json\/wp\/v2\/product_cat?post=13693"},{"taxonomy":"product_tag","embeddable":true,"href":"https:\/\/trendparfumes.rs\/en\/wp-json\/wp\/v2\/product_tag?post=13693"}],"curies":[{"name":"wp","href":"https:\/\/api.w.org\/{rel}","templated":true}]}}